{"id":79,"date":"2024-04-04T17:29:13","date_gmt":"2024-04-04T15:29:13","guid":{"rendered":"https:\/\/conceptswim.fr\/?page_id=79"},"modified":"2024-11-02T23:36:00","modified_gmt":"2024-11-02T22:36:00","slug":"mentions-legales","status":"publish","type":"page","link":"https:\/\/conceptswim.fr\/index.php\/mentions-legales\/","title":{"rendered":"Mentions l\u00e9gales"},"content":{"rendered":"\t\t<div data-elementor-type=\"wp-page\" data-elementor-id=\"79\" class=\"elementor elementor-79\">\n\t\t\t\t<div class=\"elementor-element elementor-element-1a08606 e-flex e-con-boxed e-con e-parent\" data-id=\"1a08606\" data-element_type=\"container\" data-e-type=\"container\">\n\t\t\t\t\t<div class=\"e-con-inner\">\n\t\t\t\t<div class=\"elementor-element elementor-element-dd26cbd elementor-widget elementor-widget-heading\" data-id=\"dd26cbd\" data-element_type=\"widget\" data-e-type=\"widget\" data-widget_type=\"heading.default\">\n\t\t\t\t<div class=\"elementor-widget-container\">\n\t\t\t\t\t<h1 class=\"elementor-heading-title elementor-size-default\">Mentions l\u00e9gales<\/h1>\t\t\t\t<\/div>\n\t\t\t\t<\/div>\n\t\t\t\t\t<\/div>\n\t\t\t\t<\/div>\n\t\t<div class=\"elementor-element elementor-element-c6efb29 e-flex e-con-boxed e-con e-parent\" data-id=\"c6efb29\" data-element_type=\"container\" data-e-type=\"container\">\n\t\t\t\t\t<div class=\"e-con-inner\">\n\t\t\t\t<div class=\"elementor-element elementor-element-85aefce elementor-widget elementor-widget-text-editor\" data-id=\"85aefce\" data-element_type=\"widget\" data-e-type=\"widget\" data-widget_type=\"text-editor.default\">\n\t\t\t\t<div class=\"elementor-widget-container\">\n\t\t\t\t\t\t\t\t\t<p><strong>Informations g\u00e9n\u00e9rales :<\/strong><\/p><p>Ce site est \u00e9dit\u00e9 par <strong>Concept Swim<\/strong>, soci\u00e9t\u00e9 par actions simplifi\u00e9e, au capital social de 1 500,00 \u20ac, dont le si\u00e8ge social est situ\u00e9 au 3 AVENUE DU GENERAL DE GAULLE, 91090 LISSES, immatricul\u00e9e au Registre du Commerce et des Soci\u00e9t\u00e9s de Evry sous le num\u00e9ro 979 963 196 repr\u00e9sent\u00e9e par M Cedric ANDRIEUX agissant et ayant les pouvoirs n\u00e9cessaires en tant que pr\u00e9sident.<\/p><p><b>Coordonn\u00e9s :<\/b><\/p><p>T\u00e9l\u00e9phone : 06.12.98.57.29<\/p><p>E-mail : administration@ajkonseil.fr<\/p><p>Directeur de la publication : JOLLY Alban<\/p><p>H\u00e9bergeur du site :\u00a0Soci\u00e9t\u00e9\u00a0OVH SAS ,\u00a02 rue Kellermann \u2013 59100 Roubaix \u2013 France<\/p><p><strong>Propri\u00e9t\u00e9 intellectuelle :<\/strong><\/p><p>Le contenu de ce site (textes, images, vid\u00e9os, etc.) est prot\u00e9g\u00e9 par le droit de la\u00a0<b>propri\u00e9t\u00e9 intellectuelle<\/b>. Toute reproduction, m\u00eame partielle, est strictement\u00a0<b>interdite\u00a0<\/b>sans autorisation pr\u00e9alable de l\u2019entreprise.<\/p><p><strong>Protection des donn\u00e9es personnelles :<\/strong><\/p><p>Les informations recueillies via les formulaires de ce site sont destin\u00e9es \u00e0 CONCEPT SWIM dans le cadre de la gestion des demandes de contact ou renseignements et sont strictement confidentielles. Conform\u00e9ment \u00e0 la loi \u00ab Informatique et Libert\u00e9s \u00bb du 6 janvier 1978 modifi\u00e9e et au R\u00e8glement G\u00e9n\u00e9ral sur la Protection des Donn\u00e9es (RGPD), vous disposez d\u2019un droit d\u2019acc\u00e8s, de rectification et de suppression des donn\u00e9es vous concernant. Pour exercer ce droit, veuillez contacter administration@ajkonseil.fr ou \u00e9crire \u00e0 l\u2019adresse : <span class=\"lowercase\">3 avenue du g\u00e9n\u00e9ral de Gaulle,<\/span>\u00a0LISSES.\u00a0<\/p><p><strong>Responsabilit\u00e9 :<\/strong><\/p><p>L\u2019entreprise ne saurait \u00eatre tenue responsable des dommages directs ou indirects pouvant r\u00e9sulter de l\u2019acc\u00e8s ou de l\u2019utilisation de ce site, y compris l\u2019inaccessibilit\u00e9, les pertes de donn\u00e9es, d\u00e9t\u00e9riorations, destructions ou virus qui pourraient affecter votre \u00e9quipement informatique.<\/p><p><strong>Liens hypertextes :<\/strong><\/p><p>Ce site peut contenir des liens vers d\u2019autres sites internet. L\u2019entreprise ne peut \u00eatre tenue pour responsable du contenu de ces sites ou des \u00e9ventuels dommages pouvant r\u00e9sulter de leur utilisation.<\/p><p><strong>Droit applicable et juridiction comp\u00e9tente :<\/strong><\/p><p>Les pr\u00e9sentes mentions l\u00e9gales sont r\u00e9gies par le droit fran\u00e7ais. En cas de litige, les tribunaux comp\u00e9tents seront ceux du ressort de Evry.<\/p><p><strong>Modification des mentions l\u00e9gales :<\/strong><\/p><p>L\u2019entreprise se r\u00e9serve le droit de modifier \u00e0 tout moment les pr\u00e9sentes mentions l\u00e9gales. Il vous est conseill\u00e9 de les consulter r\u00e9guli\u00e8rement.<\/p>\t\t\t\t\t\t\t\t<\/div>\n\t\t\t\t<\/div>\n\t\t\t\t\t<\/div>\n\t\t\t\t<\/div>\n\t\t\t\t<\/div>\n\t\t","protected":false},"excerpt":{"rendered":"<p>Mentions l\u00e9gales Informations g\u00e9n\u00e9rales : Ce site est \u00e9dit\u00e9 par Concept Swim, soci\u00e9t\u00e9 par actions simplifi\u00e9e, au capital social de 1 500,00 \u20ac, dont le si\u00e8ge social est situ\u00e9 au 3 AVENUE DU GENERAL DE GAULLE, 91090 LISSES, immatricul\u00e9e au Registre du Commerce et des Soci\u00e9t\u00e9s de Evry sous le num\u00e9ro 979 963 196 repr\u00e9sent\u00e9e&#8230;<\/p>\n","protected":false},"author":1,"featured_media":0,"parent":0,"menu_order":0,"comment_status":"closed","ping_status":"closed","template":"","meta":{"_kad_post_transparent":"","_kad_post_title":"hide","_kad_post_layout":"fullwidth","_kad_post_sidebar_id":"","_kad_post_content_style":"unboxed","_kad_post_vertical_padding":"hide","_kad_post_feature":"hide","_kad_post_feature_position":"","_kad_post_header":false,"_kad_post_footer":false,"_kad_post_classname":"","footnotes":""},"class_list":["post-79","page","type-page","status-publish","hentry"],"_links":{"self":[{"href":"https:\/\/conceptswim.fr\/index.php\/wp-json\/wp\/v2\/pages\/79","targetHints":{"allow":["GET"]}}],"collection":[{"href":"https:\/\/conceptswim.fr\/index.php\/wp-json\/wp\/v2\/pages"}],"about":[{"href":"https:\/\/conceptswim.fr\/index.php\/wp-json\/wp\/v2\/types\/page"}],"author":[{"embeddable":true,"href":"https:\/\/conceptswim.fr\/index.php\/wp-json\/wp\/v2\/users\/1"}],"replies":[{"embeddable":true,"href":"https:\/\/conceptswim.fr\/index.php\/wp-json\/wp\/v2\/comments?post=79"}],"version-history":[{"count":10,"href":"https:\/\/conceptswim.fr\/index.php\/wp-json\/wp\/v2\/pages\/79\/revisions"}],"predecessor-version":[{"id":257,"href":"https:\/\/conceptswim.fr\/index.php\/wp-json\/wp\/v2\/pages\/79\/revisions\/257"}],"wp:attachment":[{"href":"https:\/\/conceptswim.fr\/index.php\/wp-json\/wp\/v2\/media?parent=79"}],"curies":[{"name":"wp","href":"https:\/\/api.w.org\/{rel}","templated":true}]}}